{"id":38,"date":"2023-10-06T10:28:27","date_gmt":"2023-10-06T16:28:27","guid":{"rendered":"https:\/\/hotelquetzal.mx\/hospedajeelrollo\/?page_id=38"},"modified":"2023-10-09T11:30:25","modified_gmt":"2023-10-09T17:30:25","slug":"hospedaje-cerca-de-el-rollo","status":"publish","type":"page","link":"https:\/\/hotelquetzal.mx\/hospedajeelrollo\/","title":{"rendered":"Hospedaje cerca de El Rollo"},"content":{"rendered":"\n[et_pb_section fb_built=\u00bb1&#8243; admin_label=\u00bbencabezado\u00bb _builder_version=\u00bb4.22.2&#8243; _module_preset=\u00bbdefault\u00bb custom_padding=\u00bb100px||28px|||\u00bb bottom_divider_color=\u00bb#b8825a\u00bb bottom_divider_height=\u00bb60px\u00bb global_colors_info=\u00bb{}\u00bb][et_pb_row _builder_version=\u00bb4.22.2&#8243; _module_preset=\u00bbdefault\u00bb custom_margin=\u00bb-86px|auto||auto||\u00bb custom_padding=\u00bb30px|||||\u00bb global_colors_info=\u00bb{}\u00bb][et_pb_column type=\u00bb4_4&#8243; _builder_version=\u00bb4.22.2&#8243; _module_preset=\u00bbdefault\u00bb global_colors_info=\u00bb{}\u00bb][et_pb_slider show_arrows=\u00bboff\u00bb show_pagination=\u00bboff\u00bb _builder_version=\u00bb4.22.2&#8243; _module_preset=\u00bbdefault\u00bb auto=\u00bbon\u00bb auto_speed=\u00bb4000&#8243; auto_ignore_hover=\u00bbon\u00bb global_colors_info=\u00bb{}\u00bb][et_pb_slide heading=\u00bbHospedaje Cerca de El Rollo\u00bb button_text=\u00bbReservar\u00bb button_link=\u00bbhttps:\/\/api.whatsapp.com\/send?phone=527341276449&#038;text=Hola,%20entr%C3%A9%20a%20tu%20sitio%20de%20Hotel%20Quetzal%20y%20quiero%20hacer%20una%20Reservaci\u00f3n\u00bb use_bg_overlay=\u00bbon\u00bb use_text_overlay=\u00bboff\u00bb admin_title=\u00bbhospedaje cerca del rollo\u00bb _builder_version=\u00bb4.22.2&#8243; _module_preset=\u00bbdefault\u00bb background_image=\u00bbhttps:\/\/hotelquetzal.mx\/hospedajeelrollo\/wp-content\/uploads\/2023\/10\/hospedaje-cerca-de-el-rollo-hotel-quetzal-alberca.jpg\u00bb background_enable_image=\u00bbon\u00bb parallax=\u00bbon\u00bb custom_button=\u00bbon\u00bb button_bg_color=\u00bbrgba(5,181,2,0.5)\u00bb button_border_color=\u00bbrgba(255,255,255,0.5)\u00bb button_letter_spacing=\u00bb1px\u00bb button_use_icon=\u00bbon\u00bb button_icon=\u00bb&#x3d;||divi||400&#8243; button_icon_color=\u00bbrgba(255,255,255,0.5)\u00bb button_on_hover=\u00bboff\u00bb button_alignment=\u00bbcenter\u00bb text_shadow_style=\u00bbpreset5&#8243; text_shadow_horizontal_length=\u00bb-0.08em\u00bb global_colors_info=\u00bb{}\u00bb sticky_transition=\u00bbon\u00bb]<p>a solo 5 minutos<\/p>[\/et_pb_slide][et_pb_slide heading=\u00bbHotel Quetzal\u00bb button_text=\u00bbLlamar\u00bb button_link=\u00bbtel:\/\/7341276449&#8243; use_bg_overlay=\u00bboff\u00bb use_text_overlay=\u00bboff\u00bb admin_title=\u00bbhotel quetzal\u00bb _builder_version=\u00bb4.22.2&#8243; _module_preset=\u00bbdefault\u00bb background_image=\u00bbhttps:\/\/hotelquetzal.mx\/hospedajeelrollo\/wp-content\/uploads\/2023\/10\/hospedaje-cerca-de-el-rollo-hotel-quetzal-habitacion-contraesquina.jpg\u00bb background_enable_image=\u00bbon\u00bb parallax=\u00bbon\u00bb custom_button=\u00bbon\u00bb button_bg_color=\u00bbrgba(5,181,2,0.5)\u00bb button_border_color=\u00bbrgba(255,255,255,0.5)\u00bb button_letter_spacing=\u00bb1px\u00bb button_use_icon=\u00bbon\u00bb button_icon=\u00bb&#xf879;||fa||900&#8243; button_icon_color=\u00bbrgba(255,255,255,0.5)\u00bb button_on_hover=\u00bboff\u00bb global_colors_info=\u00bb{}\u00bb sticky_transition=\u00bbon\u00bb]<p>El descanso que necesitas cerca de la diversi\u00f3n<\/p>[\/et_pb_slide][\/et_pb_slider][\/et_pb_column][\/et_pb_row][et_pb_row _builder_version=\u00bb4.22.2&#8243; _module_preset=\u00bbdefault\u00bb custom_padding=\u00bb||8px|||\u00bb global_colors_info=\u00bb{}\u00bb][et_pb_column type=\u00bb4_4&#8243; _builder_version=\u00bb4.22.2&#8243; _module_preset=\u00bbdefault\u00bb global_colors_info=\u00bb{}\u00bb][et_pb_text admin_label=\u00bbtexto inicio\u00bb _builder_version=\u00bb4.22.2&#8243; _module_preset=\u00bbdefault\u00bb width=\u00bb90%\u00bb module_alignment=\u00bbcenter\u00bb custom_margin=\u00bb||25px|||\u00bb animation_style=\u00bbfade\u00bb global_colors_info=\u00bb{}\u00bb]<p data-sourcepos=\"7:1-7:132\">\u00bfBuscas un lugar para descansar y relajarte despu\u00e9s de un d\u00eda de diversi\u00f3n en El Rollo?<\/p>\n<p data-sourcepos=\"7:1-7:132\"><strong>El Hotel Quetzal es la mejor opci\u00f3n para ti.<\/strong><\/p>\n<p data-sourcepos=\"9:1-9:236\">Nuestro hotel cuenta con <strong>11 habitaciones c\u00f3modas y espaciosas<\/strong>, perfectas para parejas, familias o grupos de amigos.<\/p>\n<p data-sourcepos=\"9:1-9:236\">Todas las habitaciones tienen 2 camas matrimoniales, lo que las hace ideales para una ocupaci\u00f3n de 2 o hasta 4 personas.<\/p>[\/et_pb_text][\/et_pb_column][\/et_pb_row][\/et_pb_section][et_pb_section fb_built=\u00bb1&#8243; admin_label=\u00bbtarifas\u00bb _builder_version=\u00bb4.22.2&#8243; _module_preset=\u00bbdefault\u00bb custom_padding=\u00bb||19px|||\u00bb top_divider_style=\u00bbarrow2&#8243; top_divider_color=\u00bb#b8825a\u00bb top_divider_height=\u00bb80px\u00bb global_colors_info=\u00bb{}\u00bb][et_pb_row _builder_version=\u00bb4.22.2&#8243; _module_preset=\u00bbdefault\u00bb custom_margin=\u00bb23px|auto||auto||\u00bb custom_padding=\u00bb||3px|||\u00bb global_colors_info=\u00bb{}\u00bb][et_pb_column type=\u00bb4_4&#8243; _builder_version=\u00bb4.22.2&#8243; _module_preset=\u00bbdefault\u00bb global_colors_info=\u00bb{}\u00bb][et_pb_text module_id=\u00bbtarifas\u00bb _builder_version=\u00bb4.22.2&#8243; _module_preset=\u00bbdefault\u00bb header_2_font=\u00bb|600|||||||\u00bb custom_margin=\u00bb||3px|||\u00bb animation_style=\u00bbzoom\u00bb animation_direction=\u00bbleft\u00bb header_2_text_shadow_style=\u00bbpreset2&#8243; global_colors_info=\u00bb{}\u00bb]<h2>TARIFAS<\/h2>[\/et_pb_text][\/et_pb_column][\/et_pb_row][et_pb_row column_structure=\u00bb1_2,1_2&#8243; make_equal=\u00bbon\u00bb _builder_version=\u00bb4.22.2&#8243; _module_preset=\u00bbdefault\u00bb module_alignment=\u00bbcenter\u00bb custom_margin=\u00bb4px|auto||auto||\u00bb custom_padding=\u00bb8px|||||\u00bb global_colors_info=\u00bb{}\u00bb][et_pb_column type=\u00bb1_2&#8243; _builder_version=\u00bb4.22.2&#8243; _module_preset=\u00bbdefault\u00bb global_colors_info=\u00bb{}\u00bb][et_pb_text _builder_version=\u00bb4.22.2&#8243; _module_preset=\u00bbdefault\u00bb custom_margin=\u00bb30px|||||\u00bb animation_style=\u00bbroll\u00bb animation_delay=\u00bb200ms\u00bb hover_enabled=\u00bb0&#8243; global_colors_info=\u00bb{}\u00bb sticky_enabled=\u00bb0&#8243;]<p>Ofrecemos dos tipos de habitaciones: con ventilador y con aire acondicionado.<\/p>\n<p>Las <strong>6 habitaciones con aire acondicionado<\/strong> tienen un costo de <strong>$1,200.-mxn<\/strong> por noche.<\/p>\n<p>Las <strong>5 habitaciones con ventilador<\/strong> tienen un costo de <strong>$900.-mxn<\/strong> por noche.<\/p>\n<p><strong>*Precios sin cambio en temporada baja<\/strong><\/p>\n<p>Todas cuentan con<strong> Agua caliente, TV por cable <\/strong>e<strong> Internet<\/strong>.<\/p>[\/et_pb_text][\/et_pb_column][et_pb_column type=\u00bb1_2&#8243; _builder_version=\u00bb4.22.2&#8243; _module_preset=\u00bbdefault\u00bb global_colors_info=\u00bb{}\u00bb][et_pb_image src=\u00bbhttps:\/\/hotelquetzal.mx\/hospedajeelrollo\/wp-content\/uploads\/2023\/10\/hospedaje-cerca-de-el-rollo-hotel-quetzal-habitacion-1.jpg\u00bb alt=\u00bbhospedaje-cerca-de-el-rollo-hotel-quetzal-\u00bb title_text=\u00bbhospedaje-cerca-de-el-rollo-hotel-quetzal-habitacion-1&#8243; _builder_version=\u00bb4.22.2&#8243; _module_preset=\u00bbdefault\u00bb animation_style=\u00bbfold\u00bb animation_direction=\u00bbtop\u00bb animation_duration=\u00bb750ms\u00bb animation_delay=\u00bb350ms\u00bb global_colors_info=\u00bb{}\u00bb][\/et_pb_image][\/et_pb_column][\/et_pb_row][\/et_pb_section][et_pb_section fb_built=\u00bb1&#8243; admin_label=\u00bbrecomendaciones y llamado a la accion\u00bb module_id=\u00bbtestimonios\u00bb _builder_version=\u00bb4.22.2&#8243; _module_preset=\u00bbdefault\u00bb custom_padding=\u00bb||30px|||\u00bb top_divider_style=\u00bbasymmetric2&#8243; top_divider_color=\u00bb#3f753e\u00bb top_divider_height=\u00bb77px\u00bb global_colors_info=\u00bb{}\u00bb][et_pb_row column_structure=\u00bb1_2,1_2&#8243; _builder_version=\u00bb4.22.2&#8243; _module_preset=\u00bbdefault\u00bb global_colors_info=\u00bb{}\u00bb][et_pb_column type=\u00bb1_2&#8243; _builder_version=\u00bb4.22.2&#8243; _module_preset=\u00bbdefault\u00bb global_colors_info=\u00bb{}\u00bb][et_pb_testimonial author=\u00bbLaura Villalba Ruiz\u00bb portrait_url=\u00bbhttps:\/\/hotelquetzal.mx\/hospedajeelrollo\/wp-content\/uploads\/2023\/10\/laura-villaba-recomend.jpg\u00bb _builder_version=\u00bb4.22.2&#8243; _module_preset=\u00bbdefault\u00bb animation_style=\u00bbfade\u00bb global_colors_info=\u00bb{}\u00bb]<p>Est\u00e1&#8230;<\/p>\n<p>Super bonito!<\/p>[\/et_pb_testimonial][\/et_pb_column][et_pb_column type=\u00bb1_2&#8243; _builder_version=\u00bb4.22.2&#8243; _module_preset=\u00bbdefault\u00bb global_colors_info=\u00bb{}\u00bb][et_pb_testimonial author=\u00bbJuan Daniel Garc\u00eda Lu\u00e9vano\u00bb portrait_url=\u00bbhttps:\/\/hotelquetzal.mx\/hospedajeelrollo\/wp-content\/uploads\/2023\/10\/juan-daniel-recomen.jpg\u00bb _builder_version=\u00bb4.22.2&#8243; _module_preset=\u00bbdefault\u00bb animation_style=\u00bbfade\u00bb animation_delay=\u00bb250ms\u00bb global_colors_info=\u00bb{}\u00bb]<p>Lo mejor de lo mejor&#8230;<\/p>\n<p>Recomendado a 1000%<\/p>[\/et_pb_testimonial][\/et_pb_column][\/et_pb_row][et_pb_row _builder_version=\u00bb4.22.2&#8243; _module_preset=\u00bbdefault\u00bb custom_padding=\u00bb||13px|||\u00bb global_colors_info=\u00bb{}\u00bb][et_pb_column type=\u00bb4_4&#8243; _builder_version=\u00bb4.22.2&#8243; _module_preset=\u00bbdefault\u00bb global_colors_info=\u00bb{}\u00bb][et_pb_cta title=\u00bbHospedaje cerca de El Rollo\u00bb button_url=\u00bbhttps:\/\/api.whatsapp.com\/send?phone=527341276449&#038;text=Hola,%20entr%C3%A9%20a%20tu%20sitio%20de%20Hotel%20Quetzal%20y%20quiero%20reservar\u00bb button_text=\u00bbQuiero Reservar\u00bb _builder_version=\u00bb4.22.2&#8243; _module_preset=\u00bbdefault\u00bb background_color=\u00bb#3f753e\u00bb custom_button=\u00bbon\u00bb button_bg_color=\u00bb#693c06&#8243; button_icon=\u00bb&#xf058;||fa||400&#8243; button_on_hover=\u00bboff\u00bb animation_style=\u00bbslide\u00bb animation_delay=\u00bb350ms\u00bb global_colors_info=\u00bb{}\u00bb]<p>Reserva tu habitaci\u00f3n hoy mismo y disfruta de un descanso inolvidable en el Hotel Quetzal.<\/p>[\/et_pb_cta][\/et_pb_column][\/et_pb_row][\/et_pb_section][et_pb_section fb_built=\u00bb1&#8243; module_id=\u00bbservicios\u00bb _builder_version=\u00bb4.22.2&#8243; _module_preset=\u00bbdefault\u00bb custom_padding=\u00bb||24px|||\u00bb top_divider_style=\u00bbclouds2&#8243; top_divider_color=\u00bbrgba(47,20,181,0.5)\u00bb global_colors_info=\u00bb{}\u00bb][et_pb_row _builder_version=\u00bb4.22.2&#8243; _module_preset=\u00bbdefault\u00bb custom_padding=\u00bb42px|||||\u00bb global_colors_info=\u00bb{}\u00bb][et_pb_column type=\u00bb4_4&#8243; _builder_version=\u00bb4.22.2&#8243; _module_preset=\u00bbdefault\u00bb global_colors_info=\u00bb{}\u00bb][et_pb_text _builder_version=\u00bb4.22.2&#8243; _module_preset=\u00bbdefault\u00bb global_colors_info=\u00bb{}\u00bb]<p data-sourcepos=\"13:1-13:177\">Adem\u00e1s de nuestras c\u00f3modas habitaciones, nuestro hotel cuenta con jardines, alberca y chapoteadero, asoleadero, una palapa central con barra, sillones, asadores\u00a0 y estacionamiento privado.<\/p>\n<p data-sourcepos=\"15:1-15:168\">Estamos cerca de El Rollo, por lo que podr\u00e1s disfrutar de todos los atractivos de este famoso balneario sin ir muy lejos de tu lugar de hospedaje.<\/p>[\/et_pb_text][et_pb_gallery gallery_ids=\u00bb106,107,109,108&#8243; zoom_icon_color=\u00bbrgba(47,20,181,0.5)\u00bb hover_overlay_color=\u00bbRGBA(255,255,255,0)\u00bb hover_icon=\u00bb&#x54;||divi||400&#8243; _builder_version=\u00bb4.22.2&#8243; _module_preset=\u00bbdefault\u00bb title_font_size=\u00bb20px\u00bb animation_style=\u00bbfade\u00bb border_radii_image=\u00bbon|10px|10px|10px|10px\u00bb box_shadow_style_image=\u00bbpreset2&#8243; box_shadow_horizontal_image=\u00bb-6px\u00bb box_shadow_blur_image=\u00bb5px\u00bb global_colors_info=\u00bb{}\u00bb][\/et_pb_gallery][et_pb_button button_url=\u00bbhttps:\/\/api.whatsapp.com\/send?phone=527341276449&#038;text=Hola,%20entr%C3%A9%20a%20tu%20sitio%20de%20Hotel%20Quetzal%20y%20quiero%20reservar\u00bb button_text=\u00bbReservar\u00bb button_alignment=\u00bbcenter\u00bb _builder_version=\u00bb4.22.2&#8243; _module_preset=\u00bbdefault\u00bb custom_button=\u00bbon\u00bb button_text_color=\u00bb#ffffff\u00bb button_bg_color=\u00bb#05b502&#8243; button_border_color=\u00bbRGBA(255,255,255,0)\u00bb button_icon=\u00bb&#xf232;||fa||400&#8243; button_on_hover=\u00bboff\u00bb animation_style=\u00bbroll\u00bb animation_duration=\u00bb1250ms\u00bb global_colors_info=\u00bb{}\u00bb][\/et_pb_button][et_pb_text _builder_version=\u00bb4.22.2&#8243; _module_preset=\u00bbdefault\u00bb global_colors_info=\u00bb{}\u00bb]<p>Por su excelente ubicaci\u00f3n, Hotel Quetzal ofrece hospedaje cerca de lugares para diferentes gustos, balnearios r\u00fasticos, modernos, senderismo, lugares hist\u00f3ricos, etc.<\/p>\n<p><strong>Vis\u00edtanos<\/strong><\/p>[\/et_pb_text][\/et_pb_column][\/et_pb_row][et_pb_row admin_label=\u00bbwhats\u00bb _builder_version=\u00bb4.22.2&#8243; _module_preset=\u00bbdefault\u00bb z_index=\u00bb9&#8243; custom_margin=\u00bb-8px|auto|-8px|auto||\u00bb custom_padding=\u00bb12px||6px|||\u00bb locked=\u00bboff\u00bb global_colors_info=\u00bb{}\u00bb][et_pb_column type=\u00bb4_4&#8243; _builder_version=\u00bb4.22.2&#8243; _module_preset=\u00bbdefault\u00bb global_colors_info=\u00bb{}\u00bb][et_pb_icon font_icon=\u00bb&#xf232;||fa||400&#8243; icon_color=\u00bb#b8825a\u00bb icon_width=\u00bb60px\u00bb url=\u00bbhttps:\/\/api.whatsapp.com\/send?phone=527341276449&#038;text=Hola,%20entr\u00e9%20a%20tu%20sitio%20de%20Hotel%20Quetzal%20y%20quiero%20informes\u00bb _builder_version=\u00bb4.22.2&#8243; _module_preset=\u00bbdefault\u00bb positioning=\u00bbfixed\u00bb position_origin_a=\u00bbcenter_right\u00bb position_origin_f=\u00bbcenter_right\u00bb horizontal_offset=\u00bb15px\u00bb animation_style=\u00bbroll\u00bb animation_duration=\u00bb1500ms\u00bb animation_delay=\u00bb1000ms\u00bb global_colors_info=\u00bb{}\u00bb][\/et_pb_icon][\/et_pb_column][\/et_pb_row][\/et_pb_section]\n","protected":false},"excerpt":{"rendered":"<p>a solo 5 minutosEl descanso que necesitas cerca de la diversi\u00f3n\u00bfBuscas un lugar para descansar y relajarte despu\u00e9s de un d\u00eda de diversi\u00f3n en El Rollo? El Hotel Quetzal es la mejor opci\u00f3n para ti. Nuestro hotel cuenta con 11 habitaciones c\u00f3modas y espaciosas, perfectas para parejas, familias o grupos de amigos. Todas las habitaciones [&hellip;]<\/p>\n","protected":false},"author":1,"featured_media":0,"parent":0,"menu_order":0,"comment_status":"closed","ping_status":"closed","template":"","meta":{"_et_pb_use_builder":"on","_et_pb_old_content":"","_et_gb_content_width":"","om_disable_all_campaigns":false,"_monsterinsights_skip_tracking":false,"_monsterinsights_sitenote_active":false,"_monsterinsights_sitenote_note":"","_monsterinsights_sitenote_category":0,"footnotes":""},"class_list":["post-38","page","type-page","status-publish","hentry"],"aioseo_notices":[],"_links":{"self":[{"href":"https:\/\/hotelquetzal.mx\/hospedajeelrollo\/wp-json\/wp\/v2\/pages\/38","targetHints":{"allow":["GET"]}}],"collection":[{"href":"https:\/\/hotelquetzal.mx\/hospedajeelrollo\/wp-json\/wp\/v2\/pages"}],"about":[{"href":"https:\/\/hotelquetzal.mx\/hospedajeelrollo\/wp-json\/wp\/v2\/types\/page"}],"author":[{"embeddable":true,"href":"https:\/\/hotelquetzal.mx\/hospedajeelrollo\/wp-json\/wp\/v2\/users\/1"}],"replies":[{"embeddable":true,"href":"https:\/\/hotelquetzal.mx\/hospedajeelrollo\/wp-json\/wp\/v2\/comments?post=38"}],"version-history":[{"count":48,"href":"https:\/\/hotelquetzal.mx\/hospedajeelrollo\/wp-json\/wp\/v2\/pages\/38\/revisions"}],"predecessor-version":[{"id":136,"href":"https:\/\/hotelquetzal.mx\/hospedajeelrollo\/wp-json\/wp\/v2\/pages\/38\/revisions\/136"}],"wp:attachment":[{"href":"https:\/\/hotelquetzal.mx\/hospedajeelrollo\/wp-json\/wp\/v2\/media?parent=38"}],"curies":[{"name":"wp","href":"https:\/\/api.w.org\/{rel}","templated":true}]}}